{"id":157,"date":"2023-12-13T11:14:33","date_gmt":"2023-12-13T11:14:33","guid":{"rendered":"https:\/\/alliancecpr.com\/?page_id=157"},"modified":"2025-06-08T07:36:39","modified_gmt":"2025-06-08T07:36:39","slug":"courses","status":"publish","type":"page","link":"https:\/\/alliancecpr.com\/es\/courses\/","title":{"rendered":"Cursos"},"content":{"rendered":"<div data-elementor-type=\"wp-page\" data-elementor-id=\"157\" class=\"elementor elementor-157\" data-elementor-post-type=\"page\">\n\t\t\t\t<div class=\"elementor-element elementor-element-bb09752 e-flex e-con-boxed e-con e-parent\" data-id=\"bb09752\" data-element_type=\"container\" data-e-type=\"container\" data-settings=\"{&quot;background_background&quot;:&quot;classic&quot;}\">\n\t\t\t\t\t<div class=\"e-con-inner\">\n\t\t\t\t<div class=\"elementor-element elementor-element-f0fffdc elementor-widget elementor-widget-heading\" data-id=\"f0fffdc\" data-element_type=\"widget\" data-e-type=\"widget\" data-widget_type=\"heading.default\">\n\t\t\t\t<div class=\"elementor-widget-container\">\n\t\t\t\t\t<h2 class=\"elementor-heading-title elementor-size-default\">Descubre Nuestros Cursos<\/h2>\t\t\t\t<\/div>\n\t\t\t\t<\/div>\n\t\t\t\t<div class=\"elementor-element elementor-element-2b4b0de elementor-widget-divider--view-line elementor-widget elementor-widget-divider\" data-id=\"2b4b0de\" data-element_type=\"widget\" data-e-type=\"widget\" data-widget_type=\"divider.default\">\n\t\t\t\t<div class=\"elementor-widget-container\">\n\t\t\t\t\t\t\t<div class=\"elementor-divider\">\n\t\t\t<span class=\"elementor-divider-separator\">\n\t\t\t\t\t\t<\/span>\n\t\t<\/div>\n\t\t\t\t\t\t<\/div>\n\t\t\t\t<\/div>\n\t\t\t\t<div class=\"elementor-element elementor-element-b49ecff elementor-widget elementor-widget-text-editor\" data-id=\"b49ecff\" data-element_type=\"widget\" data-e-type=\"widget\" data-widget_type=\"text-editor.default\">\n\t\t\t\t<div class=\"elementor-widget-container\">\n\t\t\t\t\t\t\t\t\tPuede elegir de la lista de cursos que le gustar\u00eda estudiar. Contamos con instructores calificados que lo apoyar\u00e1n durante su proceso de aprendizaje y nos aseguramos de que obtendr\u00e1 las habilidades y conocimientos necesarios cuando complete su capacitaci\u00f3n.\t\t\t\t\t\t\t\t<\/div>\n\t\t\t\t<\/div>\n\t\t\t\t\t<\/div>\n\t\t\t\t<\/div>\n\t\t<div class=\"elementor-element elementor-element-0df73b4 e-flex e-con-boxed e-con e-parent\" data-id=\"0df73b4\" data-element_type=\"container\" data-e-type=\"container\" data-settings=\"{&quot;background_background&quot;:&quot;classic&quot;}\">\n\t\t\t\t\t<div class=\"e-con-inner\">\n\t\t<div class=\"elementor-element elementor-element-17e2185 e-flex e-con-boxed e-con e-child\" data-id=\"17e2185\" data-element_type=\"container\" data-e-type=\"container\">\n\t\t\t\t\t<div class=\"e-con-inner\">\n\t\t\t\t<div class=\"elementor-element elementor-element-8542243 elementor-widget elementor-widget-heading\" data-id=\"8542243\" data-element_type=\"widget\" data-e-type=\"widget\" data-widget_type=\"heading.default\">\n\t\t\t\t<div class=\"elementor-widget-container\">\n\t\t\t\t\t<h2 class=\"elementor-heading-title elementor-size-default\">Entrenamiento en RCP y DEA<\/h2>\t\t\t\t<\/div>\n\t\t\t\t<\/div>\n\t\t\t\t<div class=\"elementor-element elementor-element-33accbe elementor-widget elementor-widget-text-editor\" data-id=\"33accbe\" data-element_type=\"widget\" data-e-type=\"widget\" data-widget_type=\"text-editor.default\">\n\t\t\t\t<div class=\"elementor-widget-container\">\n\t\t\t\t\t\t\t\t\tAprenda los conceptos b\u00e1sicos de la RCP y el funcionamiento del DEA, prepar\u00e1ndolo para responder con confianza a emergencias card\u00edacas.\t\t\t\t\t\t\t\t<\/div>\n\t\t\t\t<\/div>\n\t\t\t\t<div class=\"elementor-element elementor-element-7775dce elementor-widget elementor-widget-text-editor\" data-id=\"7775dce\" data-element_type=\"widget\" data-e-type=\"widget\" data-widget_type=\"text-editor.default\">\n\t\t\t\t<div class=\"elementor-widget-container\">\n\t\t\t\t\t\t\t\t\tLos cursos de RCP ofrecen conjuntos de habilidades sobre procedimientos para llevar a cabo terapias que salvan vidas. Esta ense\u00f1anza lo guiar\u00e1 sobre c\u00f3mo administrar RCP a alguien que se est\u00e1 ahogando o que no puede agarrarse por s\u00ed solo.\t\t\t\t\t\t\t\t<\/div>\n\t\t\t\t<\/div>\n\t\t\t\t<div class=\"elementor-element elementor-element-f99a1b7 elementor-widget elementor-widget-text-editor\" data-id=\"f99a1b7\" data-element_type=\"widget\" data-e-type=\"widget\" data-widget_type=\"text-editor.default\">\n\t\t\t\t<div class=\"elementor-widget-container\">\n\t\t\t\t\t\t\t\t\tEl curso de DEA le proporcionar\u00e1 las habilidades que necesita para utilizar un desfibrilador externo autom\u00e1tico. Nuestros instructores profesionales le explicar\u00e1n todo lo que necesita saber para que pueda utilizar y utilizar el DEA.\t\t\t\t\t\t\t\t<\/div>\n\t\t\t\t<\/div>\n\t\t\t\t\t<\/div>\n\t\t\t\t<\/div>\n\t\t<div class=\"elementor-element elementor-element-f738dae e-flex e-con-boxed e-con e-child\" data-id=\"f738dae\" data-element_type=\"container\" data-e-type=\"container\">\n\t\t\t\t\t<div class=\"e-con-inner\">\n\t\t\t\t<div class=\"elementor-element elementor-element-9cda8e2 elementor-widget elementor-widget-image\" data-id=\"9cda8e2\" data-element_type=\"widget\" data-e-type=\"widget\" data-widget_type=\"image.default\">\n\t\t\t\t<div class=\"elementor-widget-container\">\n\t\t\t\t\t\t\t\t\t\t\t\t\t\t\t<img fetchpriority=\"high\" decoding=\"async\" width=\"667\" height=\"1000\" src=\"https:\/\/alliancecpr.com\/wp-content\/uploads\/2023\/12\/Who-We-Are\u200b.jpg\" class=\"attachment-large size-large wp-image-40\" alt=\"\" srcset=\"https:\/\/alliancecpr.com\/wp-content\/uploads\/2023\/12\/Who-We-Are\u200b.jpg 667w, https:\/\/alliancecpr.com\/wp-content\/uploads\/2023\/12\/Who-We-Are\u200b-200x300.jpg 200w\" sizes=\"(max-width: 667px) 100vw, 667px\" \/>\t\t\t\t\t\t\t\t\t\t\t\t\t\t\t<\/div>\n\t\t\t\t<\/div>\n\t\t\t\t\t<\/div>\n\t\t\t\t<\/div>\n\t\t\t\t\t<\/div>\n\t\t\t\t<\/div>\n\t\t<div class=\"elementor-element elementor-element-bfa4094 e-flex e-con-boxed e-con e-parent\" data-id=\"bfa4094\" data-element_type=\"container\" data-e-type=\"container\" data-settings=\"{&quot;background_background&quot;:&quot;classic&quot;}\">\n\t\t\t\t\t<div class=\"e-con-inner\">\n\t\t<div class=\"elementor-element elementor-element-5e7da46 e-flex e-con-boxed e-con e-child\" data-id=\"5e7da46\" data-element_type=\"container\" data-e-type=\"container\">\n\t\t\t\t\t<div class=\"e-con-inner\">\n\t\t\t\t<div class=\"elementor-element elementor-element-bb50077 elementor-widget elementor-widget-image\" data-id=\"bb50077\" data-element_type=\"widget\" data-e-type=\"widget\" data-widget_type=\"image.default\">\n\t\t\t\t<div class=\"elementor-widget-container\">\n\t\t\t\t\t\t\t\t\t\t\t\t\t\t\t<img decoding=\"async\" width=\"768\" height=\"512\" src=\"https:\/\/alliancecpr.com\/wp-content\/uploads\/2023\/12\/group-diverse-people-cpr-training-class-768x512.jpg\" class=\"attachment-medium_large size-medium_large wp-image-457\" alt=\"\" srcset=\"https:\/\/alliancecpr.com\/wp-content\/uploads\/2023\/12\/group-diverse-people-cpr-training-class-768x512.jpg 768w, https:\/\/alliancecpr.com\/wp-content\/uploads\/2023\/12\/group-diverse-people-cpr-training-class-300x200.jpg 300w, https:\/\/alliancecpr.com\/wp-content\/uploads\/2023\/12\/group-diverse-people-cpr-training-class.jpg 1000w\" sizes=\"(max-width: 768px) 100vw, 768px\" \/>\t\t\t\t\t\t\t\t\t\t\t\t\t\t\t<\/div>\n\t\t\t\t<\/div>\n\t\t\t\t\t<\/div>\n\t\t\t\t<\/div>\n\t\t<div class=\"elementor-element elementor-element-2b4eec2 e-flex e-con-boxed e-con e-child\" data-id=\"2b4eec2\" data-element_type=\"container\" data-e-type=\"container\">\n\t\t\t\t\t<div class=\"e-con-inner\">\n\t\t\t\t<div class=\"elementor-element elementor-element-524fdcd elementor-widget elementor-widget-heading\" data-id=\"524fdcd\" data-element_type=\"widget\" data-e-type=\"widget\" data-widget_type=\"heading.default\">\n\t\t\t\t<div class=\"elementor-widget-container\">\n\t\t\t\t\t<h2 class=\"elementor-heading-title elementor-size-default\">PRIMEROS AUXILIOS <\/h2>\t\t\t\t<\/div>\n\t\t\t\t<\/div>\n\t\t\t\t<div class=\"elementor-element elementor-element-4ec37e9 elementor-widget elementor-widget-text-editor\" data-id=\"4ec37e9\" data-element_type=\"widget\" data-e-type=\"widget\" data-widget_type=\"text-editor.default\">\n\t\t\t\t<div class=\"elementor-widget-container\">\n\t\t\t\t\t\t\t\t\t<p>La capacitaci\u00f3n en primeros auxilios est\u00e1 dise\u00f1ada para brindar a las personas habilidades cruciales para responder de manera efectiva a una variedad de lesiones y enfermedades. Este programa cubre aspectos pr\u00e1cticos de la prestaci\u00f3n de atenci\u00f3n inmediata, abordando desde cortes y quemaduras menores hasta afecciones m\u00e9dicas m\u00e1s graves. A trav\u00e9s del aprendizaje pr\u00e1ctico y escenarios de la vida real, los participantes ganan confianza y capacidad para tomar decisiones r\u00e1pidas en situaciones de emergencia que se encuentran en la vida cotidiana. La capacitaci\u00f3n subraya la importancia de estabilizar situaciones hasta que llegue ayuda profesional, inculcando un enfoque proactivo e informado para manejar emergencias m\u00e9dicas. En \u00faltima instancia, el objetivo es dotar a las personas de conocimientos y habilidades para contribuir a la seguridad y el bienestar de quienes les rodean.<\/p><p>\u00a0<\/p>\t\t\t\t\t\t\t\t<\/div>\n\t\t\t\t<\/div>\n\t\t\t\t<div class=\"elementor-element elementor-element-beb9e54 elementor-widget elementor-widget-heading\" data-id=\"beb9e54\" data-element_type=\"widget\" data-e-type=\"widget\" data-widget_type=\"heading.default\">\n\t\t\t\t<div class=\"elementor-widget-container\">\n\t\t\t\t\t<h2 class=\"elementor-heading-title elementor-size-default\">SVB (SOPORTE VITAL B\u00c1SICO) <\/h2>\t\t\t\t<\/div>\n\t\t\t\t<\/div>\n\t\t\t\t<div class=\"elementor-element elementor-element-cd5a5a7 elementor-widget elementor-widget-text-editor\" data-id=\"cd5a5a7\" data-element_type=\"widget\" data-e-type=\"widget\" data-widget_type=\"text-editor.default\">\n\t\t\t\t<div class=\"elementor-widget-container\">\n\t\t\t\t\t\t\t\t\tDise\u00f1ado para proveedores de atenci\u00f3n m\u00e9dica, nuestro curso BLS cubre t\u00e9cnicas avanzadas para garantizar que est\u00e9 preparado para manejar situaciones cr\u00edticas. Los cursos BLSS ense\u00f1an las habilidades para reconocer, salvar y responder ante un paro card\u00edaco repentino. Nuestros instructores lo capacitar\u00e1n sobre c\u00f3mo reconocer de inmediato un paro card\u00edaco repentino y activar la respuesta de emergencia para salvar vidas.\t\t\t\t\t\t\t\t<\/div>\n\t\t\t\t<\/div>\n\t\t\t\t\t<\/div>\n\t\t\t\t<\/div>\n\t\t\t\t\t<\/div>\n\t\t\t\t<\/div>\n\t\t<div class=\"elementor-element elementor-element-413fd93 e-flex e-con-boxed e-con e-parent\" data-id=\"413fd93\" data-element_type=\"container\" data-e-type=\"container\" data-settings=\"{&quot;background_background&quot;:&quot;classic&quot;}\">\n\t\t\t\t\t<div class=\"e-con-inner\">\n\t\t<div class=\"elementor-element elementor-element-81c6fb6 e-flex e-con-boxed e-con e-child\" data-id=\"81c6fb6\" data-element_type=\"container\" data-e-type=\"container\">\n\t\t\t\t\t<div class=\"e-con-inner\">\n\t\t\t\t<div class=\"elementor-element elementor-element-d67bf6a elementor-widget elementor-widget-heading\" data-id=\"d67bf6a\" data-element_type=\"widget\" data-e-type=\"widget\" data-widget_type=\"heading.default\">\n\t\t\t\t<div class=\"elementor-widget-container\">\n\t\t\t\t\t<h2 class=\"elementor-heading-title elementor-size-default\">Heartsaver Cpr para trabajadores de guarder\u00edas<\/h2>\t\t\t\t<\/div>\n\t\t\t\t<\/div>\n\t\t\t\t<div class=\"elementor-element elementor-element-982ab4f elementor-widget elementor-widget-text-editor\" data-id=\"982ab4f\" data-element_type=\"widget\" data-e-type=\"widget\" data-widget_type=\"text-editor.default\">\n\t\t\t\t<div class=\"elementor-widget-container\">\n\t\t\t\t\t\t\t\t\tDise\u00f1ado espec\u00edficamente para profesionales del cuidado infantil, este curso es un programa de capacitaci\u00f3n vital e integral dise\u00f1ado para equiparlo con habilidades esenciales para salvar vidas, yendo m\u00e1s all\u00e1 de la capacitaci\u00f3n tradicional en RCP. Adaptado a los desaf\u00edos \u00fanicos de los entornos de cuidado infantil, el curso pr\u00e1ctico brinda experiencia pr\u00e1ctica en reanimaci\u00f3n cardiopulmonar (CPR) y el uso de desfibriladores externos autom\u00e1ticos (DEA), enfatizando la respuesta r\u00e1pida a emergencias que involucran a beb\u00e9s, ni\u00f1os peque\u00f1os y ni\u00f1os peque\u00f1os. Al centrarse en crear un entorno seguro y promover una cultura de seguridad, el programa mejora la preparaci\u00f3n general para emergencias en las guarder\u00edas. Esta capacitaci\u00f3n especializada no solo prioriza el bienestar de los ni\u00f1os, sino que tambi\u00e9n capacita a los trabajadores de las guarder\u00edas para responder con confianza y eficacia a incidentes cr\u00edticos, lo que refleja el compromiso de mantener un alto nivel de seguridad en los entornos de guarder\u00eda.\t\t\t\t\t\t\t\t<\/div>\n\t\t\t\t<\/div>\n\t\t\t\t\t<\/div>\n\t\t\t\t<\/div>\n\t\t<div class=\"elementor-element elementor-element-f6bdbcf e-flex e-con-boxed e-con e-child\" data-id=\"f6bdbcf\" data-element_type=\"container\" data-e-type=\"container\">\n\t\t\t\t\t<div class=\"e-con-inner\">\n\t\t\t\t<div class=\"elementor-element elementor-element-72e5e43 elementor-widget elementor-widget-image\" data-id=\"72e5e43\" data-element_type=\"widget\" data-e-type=\"widget\" data-widget_type=\"image.default\">\n\t\t\t\t<div class=\"elementor-widget-container\">\n\t\t\t\t\t\t\t\t\t\t\t\t\t\t\t<img decoding=\"async\" width=\"800\" height=\"534\" src=\"https:\/\/alliancecpr.com\/wp-content\/uploads\/2023\/12\/medical-students-are-practicing-1.jpg\" class=\"attachment-large size-large wp-image-458\" alt=\"\" srcset=\"https:\/\/alliancecpr.com\/wp-content\/uploads\/2023\/12\/medical-students-are-practicing-1.jpg 1000w, https:\/\/alliancecpr.com\/wp-content\/uploads\/2023\/12\/medical-students-are-practicing-1-300x200.jpg 300w, https:\/\/alliancecpr.com\/wp-content\/uploads\/2023\/12\/medical-students-are-practicing-1-768x512.jpg 768w\" sizes=\"(max-width: 800px) 100vw, 800px\" \/>\t\t\t\t\t\t\t\t\t\t\t\t\t\t\t<\/div>\n\t\t\t\t<\/div>\n\t\t\t\t\t<\/div>\n\t\t\t\t<\/div>\n\t\t\t\t\t<\/div>\n\t\t\t\t<\/div>\n\t\t\t\t<\/div>","protected":false},"excerpt":{"rendered":"<p>Discover Our Courses You can choose from the list of courses you would like to study. We have qualified instructors that will support you through your learning process, and we ensure that you will get the required skills and knowledge when your training is completed. CPR and AED Training Learn the essentials of CPR and [&hellip;]<\/p>\n","protected":false},"author":1,"featured_media":0,"parent":0,"menu_order":0,"comment_status":"closed","ping_status":"closed","template":"elementor_header_footer","meta":{"footnotes":""},"class_list":["post-157","page","type-page","status-publish","hentry"],"_links":{"self":[{"href":"https:\/\/alliancecpr.com\/es\/wp-json\/wp\/v2\/pages\/157","targetHints":{"allow":["GET"]}}],"collection":[{"href":"https:\/\/alliancecpr.com\/es\/wp-json\/wp\/v2\/pages"}],"about":[{"href":"https:\/\/alliancecpr.com\/es\/wp-json\/wp\/v2\/types\/page"}],"author":[{"embeddable":true,"href":"https:\/\/alliancecpr.com\/es\/wp-json\/wp\/v2\/users\/1"}],"replies":[{"embeddable":true,"href":"https:\/\/alliancecpr.com\/es\/wp-json\/wp\/v2\/comments?post=157"}],"version-history":[{"count":49,"href":"https:\/\/alliancecpr.com\/es\/wp-json\/wp\/v2\/pages\/157\/revisions"}],"predecessor-version":[{"id":834,"href":"https:\/\/alliancecpr.com\/es\/wp-json\/wp\/v2\/pages\/157\/revisions\/834"}],"wp:attachment":[{"href":"https:\/\/alliancecpr.com\/es\/wp-json\/wp\/v2\/media?parent=157"}],"curies":[{"name":"wp","href":"https:\/\/api.w.org\/{rel}","templated":true}]}}