{"id":132,"date":"2023-12-13T10:47:48","date_gmt":"2023-12-13T10:47:48","guid":{"rendered":"https:\/\/alliancecpr.com\/?page_id=132"},"modified":"2023-12-14T09:47:31","modified_gmt":"2023-12-14T09:47:31","slug":"about-us","status":"publish","type":"page","link":"https:\/\/alliancecpr.com\/es\/about-us\/","title":{"rendered":"Sobre nosotras"},"content":{"rendered":"<div data-elementor-type=\"wp-page\" data-elementor-id=\"132\" class=\"elementor elementor-132\" data-elementor-post-type=\"page\">\n\t\t\t\t<div class=\"elementor-element elementor-element-bb09752 e-flex e-con-boxed e-con e-parent\" data-id=\"bb09752\" data-element_type=\"container\" data-e-type=\"container\" data-settings=\"{&quot;background_background&quot;:&quot;classic&quot;}\">\n\t\t\t\t\t<div class=\"e-con-inner\">\n\t\t\t\t<div class=\"elementor-element elementor-element-f0fffdc elementor-widget elementor-widget-heading\" data-id=\"f0fffdc\" data-element_type=\"widget\" data-e-type=\"widget\" data-widget_type=\"heading.default\">\n\t\t\t\t<div class=\"elementor-widget-container\">\n\t\t\t\t\t<h2 class=\"elementor-heading-title elementor-size-default\">Sobre nosotras<\/h2>\t\t\t\t<\/div>\n\t\t\t\t<\/div>\n\t\t\t\t<div class=\"elementor-element elementor-element-2b4b0de elementor-widget-divider--view-line elementor-widget elementor-widget-divider\" data-id=\"2b4b0de\" data-element_type=\"widget\" data-e-type=\"widget\" data-widget_type=\"divider.default\">\n\t\t\t\t<div class=\"elementor-widget-container\">\n\t\t\t\t\t\t\t<div class=\"elementor-divider\">\n\t\t\t<span class=\"elementor-divider-separator\">\n\t\t\t\t\t\t<\/span>\n\t\t<\/div>\n\t\t\t\t\t\t<\/div>\n\t\t\t\t<\/div>\n\t\t\t\t\t<\/div>\n\t\t\t\t<\/div>\n\t\t<div class=\"elementor-element elementor-element-1d355e5 e-flex e-con-boxed e-con e-parent\" data-id=\"1d355e5\" data-element_type=\"container\" data-e-type=\"container\">\n\t\t\t\t\t<div class=\"e-con-inner\">\n\t\t<div class=\"elementor-element elementor-element-e10248f e-con-full e-flex e-con e-child\" data-id=\"e10248f\" data-element_type=\"container\" data-e-type=\"container\">\n\t\t\t\t<div class=\"elementor-element elementor-element-7a714f0 elementor-widget elementor-widget-heading\" data-id=\"7a714f0\" data-element_type=\"widget\" data-e-type=\"widget\" data-widget_type=\"heading.default\">\n\t\t\t\t<div class=\"elementor-widget-container\">\n\t\t\t\t\t<h2 class=\"elementor-heading-title elementor-size-default\">Sobre nosotras<\/h2>\t\t\t\t<\/div>\n\t\t\t\t<\/div>\n\t\t\t\t<div class=\"elementor-element elementor-element-c8b9fea elementor-widget elementor-widget-heading\" data-id=\"c8b9fea\" data-element_type=\"widget\" data-e-type=\"widget\" data-widget_type=\"heading.default\">\n\t\t\t\t<div class=\"elementor-widget-container\">\n\t\t\t\t\t<h2 class=\"elementor-heading-title elementor-size-default\">Quienes somos<\/h2>\t\t\t\t<\/div>\n\t\t\t\t<\/div>\n\t\t\t\t<div class=\"elementor-element elementor-element-3409bb0 elementor-widget-divider--view-line elementor-widget elementor-widget-divider\" data-id=\"3409bb0\" data-element_type=\"widget\" data-e-type=\"widget\" data-widget_type=\"divider.default\">\n\t\t\t\t<div class=\"elementor-widget-container\">\n\t\t\t\t\t\t\t<div class=\"elementor-divider\">\n\t\t\t<span class=\"elementor-divider-separator\">\n\t\t\t\t\t\t<\/span>\n\t\t<\/div>\n\t\t\t\t\t\t<\/div>\n\t\t\t\t<\/div>\n\t\t\t\t<div class=\"elementor-element elementor-element-d383945 elementor-widget elementor-widget-text-editor\" data-id=\"d383945\" data-element_type=\"widget\" data-e-type=\"widget\" data-widget_type=\"text-editor.default\">\n\t\t\t\t<div class=\"elementor-widget-container\">\n\t\t\t\t\t\t\t\t\tAlliance CPR es un proveedor l\u00edder de servicios de certificaci\u00f3n y capacitaci\u00f3n en RCP de primer nivel. Nuestro equipo de instructores experimentados est\u00e1 dedicado a brindar capacitaci\u00f3n de alta calidad que va m\u00e1s all\u00e1 de lo b\u00e1sico. Estamos comprometidos a crear un entorno de aprendizaje seguro y de apoyo donde los participantes puedan ganar la confianza y la competencia necesarias para responder eficazmente en situaciones de emergencia.\t\t\t\t\t\t\t\t<\/div>\n\t\t\t\t<\/div>\n\t\t\t\t<\/div>\n\t\t<div class=\"elementor-element elementor-element-9ec77af e-con-full e-flex e-con e-child\" data-id=\"9ec77af\" data-element_type=\"container\" data-e-type=\"container\">\n\t\t\t\t<div class=\"elementor-element elementor-element-2b0d24c elementor-widget__width-initial elementor-absolute elementor-widget elementor-widget-spacer\" data-id=\"2b0d24c\" data-element_type=\"widget\" data-e-type=\"widget\" data-settings=\"{&quot;_position&quot;:&quot;absolute&quot;}\" data-widget_type=\"spacer.default\">\n\t\t\t\t<div class=\"elementor-widget-container\">\n\t\t\t\t\t\t\t<div class=\"elementor-spacer\">\n\t\t\t<div class=\"elementor-spacer-inner\"><\/div>\n\t\t<\/div>\n\t\t\t\t\t\t<\/div>\n\t\t\t\t<\/div>\n\t\t\t\t<div class=\"elementor-element elementor-element-f274de8 elementor-widget__width-initial elementor-absolute elementor-widget elementor-widget-spacer\" data-id=\"f274de8\" data-element_type=\"widget\" data-e-type=\"widget\" data-settings=\"{&quot;_position&quot;:&quot;absolute&quot;}\" data-widget_type=\"spacer.default\">\n\t\t\t\t<div class=\"elementor-widget-container\">\n\t\t\t\t\t\t\t<div class=\"elementor-spacer\">\n\t\t\t<div class=\"elementor-spacer-inner\"><\/div>\n\t\t<\/div>\n\t\t\t\t\t\t<\/div>\n\t\t\t\t<\/div>\n\t\t\t\t<div class=\"elementor-element elementor-element-7ad20b4 elementor-widget elementor-widget-image\" data-id=\"7ad20b4\" data-element_type=\"widget\" data-e-type=\"widget\" data-widget_type=\"image.default\">\n\t\t\t\t<div class=\"elementor-widget-container\">\n\t\t\t\t\t\t\t\t\t\t\t\t\t\t\t<img fetchpriority=\"high\" decoding=\"async\" width=\"768\" height=\"737\" src=\"https:\/\/alliancecpr.com\/wp-content\/uploads\/2023\/12\/medical-students-are-practicing-768x737.png\" class=\"attachment-medium_large size-medium_large wp-image-94\" alt=\"\" srcset=\"https:\/\/alliancecpr.com\/wp-content\/uploads\/2023\/12\/medical-students-are-practicing-768x737.png 768w, https:\/\/alliancecpr.com\/wp-content\/uploads\/2023\/12\/medical-students-are-practicing-300x288.png 300w, https:\/\/alliancecpr.com\/wp-content\/uploads\/2023\/12\/medical-students-are-practicing-1024x983.png 1024w, https:\/\/alliancecpr.com\/wp-content\/uploads\/2023\/12\/medical-students-are-practicing.png 1200w\" sizes=\"(max-width: 768px) 100vw, 768px\" \/>\t\t\t\t\t\t\t\t\t\t\t\t\t\t\t<\/div>\n\t\t\t\t<\/div>\n\t\t\t\t<\/div>\n\t\t\t\t\t<\/div>\n\t\t\t\t<\/div>\n\t\t<div class=\"elementor-element elementor-element-d9cf881 e-flex e-con-boxed e-con e-parent\" data-id=\"d9cf881\" data-element_type=\"container\" data-e-type=\"container\" data-settings=\"{&quot;background_background&quot;:&quot;classic&quot;}\">\n\t\t\t\t\t<div class=\"e-con-inner\">\n\t\t\t\t<div class=\"elementor-element elementor-element-64c3942 elementor-widget elementor-widget-heading\" data-id=\"64c3942\" data-element_type=\"widget\" data-e-type=\"widget\" data-widget_type=\"heading.default\">\n\t\t\t\t<div class=\"elementor-widget-container\">\n\t\t\t\t\t<h2 class=\"elementor-heading-title elementor-size-default\">Por qu\u00e9 elegirnos<\/h2>\t\t\t\t<\/div>\n\t\t\t\t<\/div>\n\t\t\t\t<div class=\"elementor-element elementor-element-b657561 elementor-widget-divider--view-line elementor-widget elementor-widget-divider\" data-id=\"b657561\" data-element_type=\"widget\" data-e-type=\"widget\" data-widget_type=\"divider.default\">\n\t\t\t\t<div class=\"elementor-widget-container\">\n\t\t\t\t\t\t\t<div class=\"elementor-divider\">\n\t\t\t<span class=\"elementor-divider-separator\">\n\t\t\t\t\t\t<\/span>\n\t\t<\/div>\n\t\t\t\t\t\t<\/div>\n\t\t\t\t<\/div>\n\t\t<div class=\"elementor-element elementor-element-7f2b515 e-con-full e-flex e-con e-child\" data-id=\"7f2b515\" data-element_type=\"container\" data-e-type=\"container\">\n\t\t<div class=\"elementor-element elementor-element-f78b9c7 e-flex e-con-boxed e-con e-child\" data-id=\"f78b9c7\" data-element_type=\"container\" data-e-type=\"container\" data-settings=\"{&quot;background_background&quot;:&quot;classic&quot;}\">\n\t\t\t\t\t<div class=\"e-con-inner\">\n\t\t\t\t<div class=\"elementor-element elementor-element-45066d9 elementor-position-top elementor-widget elementor-widget-image-box\" data-id=\"45066d9\" data-element_type=\"widget\" data-e-type=\"widget\" data-widget_type=\"image-box.default\">\n\t\t\t\t<div class=\"elementor-widget-container\">\n\t\t\t\t\t<div class=\"elementor-image-box-wrapper\"><figure class=\"elementor-image-box-img\"><img decoding=\"async\" width=\"100\" height=\"100\" src=\"https:\/\/alliancecpr.com\/wp-content\/uploads\/2023\/12\/icons8-certified-100.png\" class=\"attachment-full size-full wp-image-58\" alt=\"\" \/><\/figure><div class=\"elementor-image-box-content\"><h3 class=\"elementor-image-box-title\">Excelencia certificada <\/h3><p class=\"elementor-image-box-description\">Our CPR courses are endorsed by renowned organizations like the American Heart Association, American Red Cross, and the American Health &amp; Safety Institute, ensuring that your training is of the highest standard.<\/p><\/div><\/div>\t\t\t\t<\/div>\n\t\t\t\t<\/div>\n\t\t\t\t\t<\/div>\n\t\t\t\t<\/div>\n\t\t<div class=\"elementor-element elementor-element-b58f520 e-flex e-con-boxed e-con e-child\" data-id=\"b58f520\" data-element_type=\"container\" data-e-type=\"container\" data-settings=\"{&quot;background_background&quot;:&quot;classic&quot;}\">\n\t\t\t\t\t<div class=\"e-con-inner\">\n\t\t\t\t<div class=\"elementor-element elementor-element-888b0cf elementor-position-top elementor-widget elementor-widget-image-box\" data-id=\"888b0cf\" data-element_type=\"widget\" data-e-type=\"widget\" data-widget_type=\"image-box.default\">\n\t\t\t\t<div class=\"elementor-widget-container\">\n\t\t\t\t\t<div class=\"elementor-image-box-wrapper\"><figure class=\"elementor-image-box-img\"><img decoding=\"async\" width=\"100\" height=\"100\" src=\"https:\/\/alliancecpr.com\/wp-content\/uploads\/2023\/12\/icons8-curriculum-100.png\" class=\"attachment-full size-full wp-image-57\" alt=\"\" \/><\/figure><div class=\"elementor-image-box-content\"><h3 class=\"elementor-image-box-title\">Plan de estudios integral <\/h3><p class=\"elementor-image-box-description\">Desde t\u00e9cnicas de RCP y DEA hasta cursos de primeros auxilios, BLS y RCP Heartsaver, nuestro plan de estudios cubre una amplia gama de habilidades para salvar vidas, adaptadas a diferentes niveles de experiencia y responsabilidades.<\/p><\/div><\/div>\t\t\t\t<\/div>\n\t\t\t\t<\/div>\n\t\t\t\t\t<\/div>\n\t\t\t\t<\/div>\n\t\t<div class=\"elementor-element elementor-element-c4ab47f e-flex e-con-boxed e-con e-child\" data-id=\"c4ab47f\" data-element_type=\"container\" data-e-type=\"container\" data-settings=\"{&quot;background_background&quot;:&quot;classic&quot;}\">\n\t\t\t\t\t<div class=\"e-con-inner\">\n\t\t\t\t<div class=\"elementor-element elementor-element-ba0541e elementor-position-top elementor-widget elementor-widget-image-box\" data-id=\"ba0541e\" data-element_type=\"widget\" data-e-type=\"widget\" data-widget_type=\"image-box.default\">\n\t\t\t\t<div class=\"elementor-widget-container\">\n\t\t\t\t\t<div class=\"elementor-image-box-wrapper\"><figure class=\"elementor-image-box-img\"><img loading=\"lazy\" decoding=\"async\" width=\"100\" height=\"100\" src=\"https:\/\/alliancecpr.com\/wp-content\/uploads\/2023\/12\/icons8-worldwide-location-100.png\" class=\"attachment-full size-full wp-image-55\" alt=\"\" \/><\/figure><div class=\"elementor-image-box-content\"><h3 class=\"elementor-image-box-title\">Ubicaciones flexibles<\/h3><p class=\"elementor-image-box-description\">Con una fuerte presencia en el \u00e1rea metropolitana de Houston, ofrecemos ubicaciones de capacitaci\u00f3n convenientes en Conroe, Willis, Huntsville TX y m\u00e1s all\u00e1, lo que hace que la capacitaci\u00f3n para salvar vidas sea accesible para usted.<\/p><\/div><\/div>\t\t\t\t<\/div>\n\t\t\t\t<\/div>\n\t\t\t\t\t<\/div>\n\t\t\t\t<\/div>\n\t\t<div class=\"elementor-element elementor-element-b3b0639 e-flex e-con-boxed e-con e-child\" data-id=\"b3b0639\" data-element_type=\"container\" data-e-type=\"container\" data-settings=\"{&quot;background_background&quot;:&quot;classic&quot;}\">\n\t\t\t\t\t<div class=\"e-con-inner\">\n\t\t\t\t<div class=\"elementor-element elementor-element-68787cc elementor-position-top elementor-widget elementor-widget-image-box\" data-id=\"68787cc\" data-element_type=\"widget\" data-e-type=\"widget\" data-widget_type=\"image-box.default\">\n\t\t\t\t<div class=\"elementor-widget-container\">\n\t\t\t\t\t<div class=\"elementor-image-box-wrapper\"><figure class=\"elementor-image-box-img\"><img loading=\"lazy\" decoding=\"async\" width=\"100\" height=\"100\" src=\"https:\/\/alliancecpr.com\/wp-content\/uploads\/2023\/12\/icons8-experience-100.png\" class=\"attachment-full size-full wp-image-56\" alt=\"\" \/><\/figure><div class=\"elementor-image-box-content\"><h3 class=\"elementor-image-box-title\">Instructores experimentados<\/h3><p class=\"elementor-image-box-description\">Nuestros instructores son profesionales experimentados con experiencia en el mundo real, que aportan una gran cantidad de conocimientos pr\u00e1cticos a la sala de formaci\u00f3n.<\/p><\/div><\/div>\t\t\t\t<\/div>\n\t\t\t\t<\/div>\n\t\t\t\t\t<\/div>\n\t\t\t\t<\/div>\n\t\t\t\t<\/div>\n\t\t\t\t\t<\/div>\n\t\t\t\t<\/div>\n\t\t\t\t<\/div>","protected":false},"excerpt":{"rendered":"<p>About Us About Us Who We Are Alliance CPR is a leading provider of top-notch CPR training and certification services. Our team of experienced instructors is dedicated to delivering high-quality training that goes beyond the basics. We are committed to creating a safe and supportive learning environment where participants can gain the confidence and competence [&hellip;]<\/p>\n","protected":false},"author":1,"featured_media":0,"parent":0,"menu_order":0,"comment_status":"closed","ping_status":"closed","template":"elementor_header_footer","meta":{"footnotes":""},"class_list":["post-132","page","type-page","status-publish","hentry"],"_links":{"self":[{"href":"https:\/\/alliancecpr.com\/es\/wp-json\/wp\/v2\/pages\/132","targetHints":{"allow":["GET"]}}],"collection":[{"href":"https:\/\/alliancecpr.com\/es\/wp-json\/wp\/v2\/pages"}],"about":[{"href":"https:\/\/alliancecpr.com\/es\/wp-json\/wp\/v2\/types\/page"}],"author":[{"embeddable":true,"href":"https:\/\/alliancecpr.com\/es\/wp-json\/wp\/v2\/users\/1"}],"replies":[{"embeddable":true,"href":"https:\/\/alliancecpr.com\/es\/wp-json\/wp\/v2\/comments?post=132"}],"version-history":[{"count":16,"href":"https:\/\/alliancecpr.com\/es\/wp-json\/wp\/v2\/pages\/132\/revisions"}],"predecessor-version":[{"id":247,"href":"https:\/\/alliancecpr.com\/es\/wp-json\/wp\/v2\/pages\/132\/revisions\/247"}],"wp:attachment":[{"href":"https:\/\/alliancecpr.com\/es\/wp-json\/wp\/v2\/media?parent=132"}],"curies":[{"name":"wp","href":"https:\/\/api.w.org\/{rel}","templated":true}]}}